{"id":6115,"date":"2020-07-28T18:22:03","date_gmt":"2020-07-28T16:22:03","guid":{"rendered":"https:\/\/groupe-plastivaloire.com\/?page_id=6115"},"modified":"2023-11-21T15:56:49","modified_gmt":"2023-11-21T14:56:49","slug":"mentions-legales-et-politique-de-confidentialite","status":"publish","type":"page","link":"https:\/\/groupe-plastivaloire.com\/en\/mentions-legales-et-politique-de-confidentialite\/","title":{"rendered":"Mentions l\u00e9gales et Politique de Confidentialit\u00e9"},"content":{"rendered":"\n<style type=\"text\/css\" data-created_by=\"avia_inline_auto\" id=\"style-css-av-26mukz-5ba4824985aead645178570939517945\">\n#top .av-special-heading.av-26mukz-5ba4824985aead645178570939517945{\npadding-bottom:10px;\n}\nbody .av-special-heading.av-26mukz-5ba4824985aead645178570939517945 .av-special-heading-tag .heading-char{\nfont-size:25px;\n}\n.av-special-heading.av-26mukz-5ba4824985aead645178570939517945 .av-subheading{\nfont-size:15px;\n}\n<\/style>\n<div  class='av-special-heading av-26mukz-5ba4824985aead645178570939517945 av-special-heading-h2 blockquote modern-quote  avia-builder-el-0  el_before_av_iconlist  avia-builder-el-first '><h2 class='av-special-heading-tag '  itemprop=\"headline\"  >Mentions l\u00e9gales et Politique de Confidentialit\u00e9<\/h2><div class=\"special-heading-border\"><div class=\"special-heading-inner-border\"><\/div><\/div><\/div>\n<div  class='avia-icon-list-container av-k6hz9g07-c4005399e77989c2682da9a29a8b0caf  avia-builder-el-1  el_after_av_heading  avia-builder-el-last '><ul class='avia-icon-list avia_animate_when_almost_visible avia-icon-list-left av-iconlist-big av-k6hz9g07-c4005399e77989c2682da9a29a8b0caf avia-iconlist-animate'>\n<li><div class='iconlist_icon av-14i2c2-266e1ce13dea42968ca2558a559b2cc8 avia-font-entypo-fontello avia-iconfont avia-font-entypo-fontello'><span class='av-icon-char' data-av_icon='\ue821' data-av_iconfont='entypo-fontello' aria-hidden=\"true\"><\/span><\/div><article class=\"article-icon-entry \"  itemscope=\"itemscope\" itemtype=\"https:\/\/schema.org\/CreativeWork\" ><div class=\"iconlist_content_wrap\"><header class=\"entry-content-header\" aria-label=\"Icon: Si\u00e8ge Social\"><h4 class='av_iconlist_title iconlist_title  '  itemprop=\"headline\" >Si\u00e8ge Social<\/h4><\/header><div class='iconlist_content '  itemprop=\"text\" ><p>Groupe PLASTIVALOIRE<\/p>\n<p>Z. I. Nord \u2013 BP 38<br \/>\n37130 Langeais<br \/>\nFRANCE<\/p>\n<p>Soci\u00e9t\u00e9 Anonyme au capital de 20.000.000 \u20ac<\/p>\n<\/div><\/div><footer class=\"entry-footer\"><\/footer><\/article><div class=\"iconlist-timeline\"><\/div><\/li>\n<li><div class='iconlist_icon av-odoi-c470730819203e241d38331eac612c88 avia-font-entypo-fontello avia-iconfont avia-font-entypo-fontello'><span class='av-icon-char' data-av_icon='\ue81e' data-av_iconfont='entypo-fontello' aria-hidden=\"true\"><\/span><\/div><article class=\"article-icon-entry \"  itemscope=\"itemscope\" itemtype=\"https:\/\/schema.org\/CreativeWork\" ><div class=\"iconlist_content_wrap\"><header class=\"entry-content-header\" aria-label=\"Icon: Politique de confidentialit\u00e9 et protection des donn\u00e9es personnelles\"><h4 class='av_iconlist_title iconlist_title  '  itemprop=\"headline\" >Politique de confidentialit\u00e9 et protection des donn\u00e9es personnelles<\/h4><\/header><div class='iconlist_content '  itemprop=\"text\" ><p>Les donn\u00e9es personnelles communiqu\u00e9es via le formulaire de contact sont strictement destin\u00e9es \u00e0 la soci\u00e9t\u00e9 Groupe PLASTIVALOIRE.<br \/>\nLe traitement de ces formulaires correspond \u00e0 l\u2019envoi un mail \u00e0 la soci\u00e9t\u00e9 Groupe PLASTIVALOIRE.<\/p>\n<p>Conform\u00e9ment \u00e0 la loi Informatique et Libert\u00e9s du 6 janvier 1978, vous disposez d\u2019un droit d\u2019acc\u00e8s, de rectification et de suppression des informations qui vous concernent.<\/p>\n<p>Pour toute information,\u2028merci d\u2019envoyer un mail \u00e0 contact[at]plastivaloire.com<\/p>\n<h2>Cookies<\/h2>\n<p>Ce site utilise des cookies pour am\u00e9liorer votre navigation sur ce site web.<br \/>\nConform\u00e9ment \u00e0 la loi RGPD et aux recommandations de la CNIL, un message informe l\u2019internaute de l\u2019utilisation des cookies et recueille son consentement.<br \/>\nVous avez \u00e9galement la possibilit\u00e9 de refusez l\u2019utilisation des cookies en modifiant les pr\u00e9f\u00e9rences ci-dessous.<\/p>\n<h3>Comment on utilise les cookies<\/h3>\n<p>Nous pouvons demander que les cookies soient r\u00e9gl\u00e9s sur votre appareil. Nous utilisons des cookies pour nous faire savoir quand vous visitez nos sites Web, comment vous interagissez avec nous, pour enrichir votre exp\u00e9rience utilisateur, et pour personnaliser votre relation avec notre site Web.<\/p>\n<p>Cliquez sur les diff\u00e9rentes rubriques de la cat\u00e9gorie pour en savoir plus. Vous pouvez \u00e9galement modifier certaines de vos pr\u00e9f\u00e9rences. Notez que le blocage de certains types de cookies peut avoir une incidence sur votre exp\u00e9rience sur nos sites Web et les services que nous sommes en mesure d&#8217;offrir.<\/p>\n<h3>Cookies de fonctionnement du site web<\/h3>\n<p>Ces cookies sont strictement n\u00e9cessaires pour vous fournir les services disponibles sur notre site Web et pour utiliser certaines de ses fonctionnalit\u00e9s.<\/p>\n<p>Parce que ces cookies sont strictement n\u00e9cessaires pour le fonctionnement du site Web, leur refus aura un impact sur le bon fonctionnement de notre site. Vous pouvez toujours bloquer ou supprimer les cookies en modifiant les param\u00e8tres de votre navigateur et en for\u00e7ant le blocage de tous les cookies sur ce site. Mais cela vous invitera toujours \u00e0 accepter \/ refuser les cookies lorsque vous revisitez notre site.<\/p>\n<p>Nous respectons pleinement votre souhait de refuser les cookies mais pour \u00e9viter de vous le demander encore et encore, veuillez nous permettre de stocker un cookie pour cela. Vous \u00eates libre de vous d\u00e9sinscrire \u00e0 tout moment ou d&#8217;opter pour d&#8217;autres cookies pour une meilleure exp\u00e9rience. Si vous refusez les cookies, nous supprimerons tous les cookies d\u00e9finis dans notre domaine.<\/p>\n<p>Nous vous fournissons une liste des cookies stock\u00e9s sur votre ordinateur dans notre domaine afin que vous puissiez v\u00e9rifier ce que nous avons stock\u00e9. Pour des raisons de s\u00e9curit\u00e9, nous ne pouvons pas afficher ou modifier les cookies d&#8217;autres domaines. Vous pouvez les v\u00e9rifier dans les param\u00e8tres de s\u00e9curit\u00e9 de votre navigateur.<br \/>\n<div class=\"av-switch-aviaPrivacyRefuseCookiesHideBar av-toggle-switch av-cookie-disable-external-toggle av-cookie-save-checked av-cookie-default-checked\"><label><input type=\"checkbox\" checked=\"checked\" id=\"aviaPrivacyRefuseCookiesHideBar\" class=\"aviaPrivacyRefuseCookiesHideBar \" name=\"aviaPrivacyRefuseCookiesHideBar\" ><span class=\"toggle-track\"><\/span><span class=\"toggle-label-content\">Cliquez pour activer le masquage permanent de la barre des messages et refuser tous les cookies si vous ne les activez pas. Nous avons besoin de 2 cookies pour stocker la configuration. Sinon, vous serez de nouveau inviter \u00e0 l\u2019ouverture une nouvelle fen\u00eatre de navigateur ou d\u2019un nouvel onglet.<\/span><\/label><\/div><br \/>\n<div class=\"av-switch-aviaPrivacyEssentialCookiesEnabled av-toggle-switch av-cookie-disable-external-toggle av-cookie-save-checked av-cookie-default-checked\"><label><input type=\"checkbox\" checked=\"checked\" id=\"aviaPrivacyEssentialCookiesEnabled\" class=\"aviaPrivacyEssentialCookiesEnabled \" name=\"aviaPrivacyEssentialCookiesEnabled\" ><span class=\"toggle-track\"><\/span><span class=\"toggle-label-content\">Cliquez pour activer \/ d\u00e9sactiver les cookies essentiels du site.<\/span><\/label><\/div><\/p>\n<h3>Cookies pour le suivi Google Analytics<\/h3>\n<p>Ces cookies recueillent des informations qui sont utilis\u00e9es soit sous forme agr\u00e9g\u00e9e pour nous aider \u00e0 comprendre comment notre site web est utilis\u00e9 ou pour nous aider \u00e0 personnaliser notre site web afin d&#8217;am\u00e9liorer votre exp\u00e9rience.<br \/>\nSi vous ne voulez pas que nous suivions votre visite sur notre site, vous pouvez d\u00e9sactiver le suivi dans votre navigateur ici :<br \/>\n<div data-disabled_by_browser=\"Please enable this feature in your browser settings and reload the page.\" class=\"av-switch-aviaPrivacyGoogleTrackingDisabled av-toggle-switch av-cookie-disable-external-toggle av-cookie-save-unchecked av-cookie-default-checked\"><label><input type=\"checkbox\" checked=\"checked\" id=\"aviaPrivacyGoogleTrackingDisabled\" class=\"aviaPrivacyGoogleTrackingDisabled \" name=\"aviaPrivacyGoogleTrackingDisabled\" ><span class=\"toggle-track\"><\/span><span class=\"toggle-label-content\"> Cliquer pour activer \/ d\u00e9sactiver le suivi Google Analytics <\/span><\/label><\/div><\/p>\n<h3>Autres services externes<\/h3>\n<p>Nous utilisons \u00e9galement diff\u00e9rents services externes tels que Google Webfonts, Google Maps et des fournisseurs de vid\u00e9os externes. \u00c9tant donn\u00e9 que ces fournisseurs peuvent collecter des donn\u00e9es personnelles comme votre adresse IP, nous vous permettons de les bloquer ici. Sachez que cela pourrait r\u00e9duire consid\u00e9rablement les fonctionnalit\u00e9s et l&#8217;apparence de notre site. Les modifications prendront effet une fois que vous rechargez la page.<\/p>\n<p>Google Webfont Configuration :<br \/>\n<div class=\"av-switch-aviaPrivacyGoogleWebfontsDisabled av-toggle-switch av-cookie-disable-external-toggle av-cookie-save-unchecked av-cookie-default-checked\"><label><input type=\"checkbox\" checked=\"checked\" id=\"aviaPrivacyGoogleWebfontsDisabled\" class=\"aviaPrivacyGoogleWebfontsDisabled \" name=\"aviaPrivacyGoogleWebfontsDisabled\" ><span class=\"toggle-track\"><\/span><span class=\"toggle-label-content\"> Cliquer pour activer \/ d\u00e9sactiver les Google Webfonts<\/span><\/label><\/div><\/p>\n<p>Google Map Configuration :<br \/>\n<div class=\"av-switch-aviaPrivacyGoogleMapsDisabled av-toggle-switch av-cookie-disable-external-toggle av-cookie-save-unchecked av-cookie-default-checked\"><label><input type=\"checkbox\" checked=\"checked\" id=\"aviaPrivacyGoogleMapsDisabled\" class=\"aviaPrivacyGoogleMapsDisabled \" name=\"aviaPrivacyGoogleMapsDisabled\" ><span class=\"toggle-track\"><\/span><span class=\"toggle-label-content\"> Cliquer pour activer \/ d\u00e9sactiver Google Maps <\/span><\/label><\/div><\/p>\n<p>Google reCaptcha (anti-spam) Configuration :<br \/>\n<div class=\"av-switch-aviaPrivacyGoogleReCaptchaDisabled av-toggle-switch av-cookie-disable-external-toggle av-cookie-save-unchecked av-cookie-default-checked\"><label><input type=\"checkbox\" checked=\"checked\" id=\"aviaPrivacyGoogleReCaptchaDisabled\" class=\"aviaPrivacyGoogleReCaptchaDisabled \" name=\"aviaPrivacyGoogleReCaptchaDisabled\" ><span class=\"toggle-track\"><\/span><span class=\"toggle-label-content\"> Cliquer pour activer \/ d\u00e9sactiver Google reCaptcha <\/span><\/label><\/div><\/p>\n<p>Vid\u00e9os int\u00e9gr\u00e9es Vimeo and Youtube :<br \/>\n<div class=\"av-switch-aviaPrivacyVideoEmbedsDisabled av-toggle-switch av-cookie-disable-external-toggle av-cookie-save-unchecked av-cookie-default-checked\"><label><input type=\"checkbox\" checked=\"checked\" id=\"aviaPrivacyVideoEmbedsDisabled\" class=\"aviaPrivacyVideoEmbedsDisabled \" name=\"aviaPrivacyVideoEmbedsDisabled\" ><span class=\"toggle-track\"><\/span><span class=\"toggle-label-content\"> Cliquer pour activer \/ d\u00e9sactiver l\u2019incorporation de vid\u00e9os <\/span><\/label><\/div><\/p>\n<\/div><\/div><footer class=\"entry-footer\"><\/footer><\/article><div class=\"iconlist-timeline\"><\/div><\/li>\n<li><div class='iconlist_icon av-bps0a-ab5dae7272fce038829bb19cef861bfe avia-font-entypo-fontello avia-iconfont avia-font-entypo-fontello'><span class='av-icon-char' data-av_icon='\ue80e' data-av_iconfont='entypo-fontello' aria-hidden=\"true\"><\/span><\/div><article class=\"article-icon-entry \"  itemscope=\"itemscope\" itemtype=\"https:\/\/schema.org\/CreativeWork\" ><div class=\"iconlist_content_wrap\"><header class=\"entry-content-header\" aria-label=\"Icon: Photos\"><h4 class='av_iconlist_title iconlist_title  '  itemprop=\"headline\" >Photos<\/h4><\/header><div class='iconlist_content '  itemprop=\"text\" ><p>Les photos de ce site sont sujettes \u00e0 un Copyright. L\u2019utilisation des diff\u00e9rentes photos par notre site a fait l\u2019objet d\u2019un consentement des auteurs :<\/p>\n<ul>\n<li>Didier MENEUX<\/li>\n<li>Dominique COUINEAU<\/li>\n<li>Adobe Stock<\/li>\n<\/ul>\n<\/div><\/div><footer class=\"entry-footer\"><\/footer><\/article><div class=\"iconlist-timeline\"><\/div><\/li>\n<li><div class='iconlist_icon av-nioay-7499d7176bac0cc65ec21d2e76060896 avia-font-entypo-fontello avia-iconfont avia-font-entypo-fontello'><span class='av-icon-char' data-av_icon='\ue80a' data-av_iconfont='entypo-fontello' aria-hidden=\"true\"><\/span><\/div><article class=\"article-icon-entry \"  itemscope=\"itemscope\" itemtype=\"https:\/\/schema.org\/CreativeWork\" ><div class=\"iconlist_content_wrap\"><header class=\"entry-content-header\" aria-label=\"Icon: Directeur de la publication\"><h4 class='av_iconlist_title iconlist_title  '  itemprop=\"headline\" >Directeur de la publication<\/h4><\/header><div class='iconlist_content '  itemprop=\"text\" ><p>Martine Galisot<\/p>\n<\/div><\/div><footer class=\"entry-footer\"><\/footer><\/article><div class=\"iconlist-timeline\"><\/div><\/li>\n<li><div class='iconlist_icon av-cokbm-db08c804249c77409f6568bbef66df7b avia-font-entypo-fontello avia-iconfont avia-font-entypo-fontello'><span class='av-icon-char' data-av_icon='\ue856' data-av_iconfont='entypo-fontello' aria-hidden=\"true\"><\/span><\/div><article class=\"article-icon-entry \"  itemscope=\"itemscope\" itemtype=\"https:\/\/schema.org\/CreativeWork\" ><div class=\"iconlist_content_wrap\"><header class=\"entry-content-header\" aria-label=\"Icon: R\u00e9alisation du site\"><h4 class='av_iconlist_title iconlist_title  '  itemprop=\"headline\" >R\u00e9alisation du site<\/h4><\/header><div class='iconlist_content '  itemprop=\"text\" ><p><a href=\"https:\/\/www.pressesdetouraine.com\/\" target=\"_blank\" rel=\"noopener\">LES PRESSES DE TOURAINE<\/a><\/p>\n<\/div><\/div><footer class=\"entry-footer\"><\/footer><\/article><div class=\"iconlist-timeline\"><\/div><\/li>\n<li><div class='iconlist_icon av-2yui-289d0e1dbf12c24d76ce7d6e0b4fb9cc avia-font-entypo-fontello avia-iconfont avia-font-entypo-fontello'><span class='av-icon-char' data-av_icon='\ue82f' data-av_iconfont='entypo-fontello' aria-hidden=\"true\"><\/span><\/div><article class=\"article-icon-entry \"  itemscope=\"itemscope\" itemtype=\"https:\/\/schema.org\/CreativeWork\" ><div class=\"iconlist_content_wrap\"><header class=\"entry-content-header\" aria-label=\"Icon: H\u00e9bergement du site\"><h4 class='av_iconlist_title iconlist_title  '  itemprop=\"headline\" >H\u00e9bergement du site<\/h4><\/header><div class='iconlist_content '  itemprop=\"text\" ><p><a href=\"http:\/\/aklam.io\/afZRlo\" target=\"_blank\" rel=\"noopener\" data-wplink-url-error=\"true\">IONOS<\/a><\/p>\n<\/div><\/div><footer class=\"entry-footer\"><\/footer><\/article><div class=\"iconlist-timeline\"><\/div><\/li>\n<\/ul><\/div>\n","protected":false},"excerpt":{"rendered":"","protected":false},"author":1,"featured_media":0,"parent":0,"menu_order":99,"comment_status":"closed","ping_status":"closed","template":"","meta":{"_uag_custom_page_level_css":"","footnotes":""},"class_list":["post-6115","page","type-page","status-publish","hentry"],"yoast_head":"<!-- This site is optimized with the Yoast SEO plugin v27.4 - https:\/\/yoast.com\/product\/yoast-seo-wordpress\/ -->\n<title>Mentions l\u00e9gales et Politique de Confidentialit\u00e9 - Groupe PLASTIVALOIRE<\/title>\n<meta name=\"robots\" content=\"index, follow, max-snippet:-1, max-image-preview:large, max-video-preview:-1\" \/>\n<link rel=\"canonical\" href=\"https:\/\/groupe-plastivaloire.com\/mentions-legales-et-politique-de-confidentialite\/\" \/>\n<meta property=\"og:locale\" content=\"en_US\" \/>\n<meta property=\"og:type\" content=\"article\" \/>\n<meta property=\"og:title\" content=\"Mentions l\u00e9gales et Politique de Confidentialit\u00e9 - Groupe PLASTIVALOIRE\" \/>\n<meta property=\"og:url\" content=\"https:\/\/groupe-plastivaloire.com\/mentions-legales-et-politique-de-confidentialite\/\" \/>\n<meta property=\"og:site_name\" content=\"Groupe PLASTIVALOIRE\" \/>\n<meta property=\"article:modified_time\" content=\"2023-11-21T14:56:49+00:00\" \/>\n<meta name=\"twitter:card\" content=\"summary_large_image\" \/>\n<meta name=\"twitter:site\" content=\"@plastivaloire\" \/>\n<meta name=\"twitter:label1\" content=\"Est. reading time\" \/>\n\t<meta name=\"twitter:data1\" content=\"5 minutes\" \/>\n<script type=\"application\/ld+json\" class=\"yoast-schema-graph\">{\"@context\":\"https:\\\/\\\/schema.org\",\"@graph\":[{\"@type\":\"WebPage\",\"@id\":\"https:\\\/\\\/groupe-plastivaloire.com\\\/mentions-legales-et-politique-de-confidentialite\\\/\",\"url\":\"https:\\\/\\\/groupe-plastivaloire.com\\\/mentions-legales-et-politique-de-confidentialite\\\/\",\"name\":\"Mentions l\u00e9gales et Politique de Confidentialit\u00e9 - Groupe PLASTIVALOIRE\",\"isPartOf\":{\"@id\":\"https:\\\/\\\/groupe-plastivaloire.com\\\/#website\"},\"datePublished\":\"2020-07-28T16:22:03+00:00\",\"dateModified\":\"2023-11-21T14:56:49+00:00\",\"breadcrumb\":{\"@id\":\"https:\\\/\\\/groupe-plastivaloire.com\\\/mentions-legales-et-politique-de-confidentialite\\\/#breadcrumb\"},\"inLanguage\":\"en-US\",\"potentialAction\":[{\"@type\":\"ReadAction\",\"target\":[\"https:\\\/\\\/groupe-plastivaloire.com\\\/mentions-legales-et-politique-de-confidentialite\\\/\"]}]},{\"@type\":\"BreadcrumbList\",\"@id\":\"https:\\\/\\\/groupe-plastivaloire.com\\\/mentions-legales-et-politique-de-confidentialite\\\/#breadcrumb\",\"itemListElement\":[{\"@type\":\"ListItem\",\"position\":1,\"name\":\"Accueil\",\"item\":\"https:\\\/\\\/groupe-plastivaloire.com\\\/en\\\/home\\\/\"},{\"@type\":\"ListItem\",\"position\":2,\"name\":\"Mentions l\u00e9gales et Politique de Confidentialit\u00e9\"}]},{\"@type\":\"WebSite\",\"@id\":\"https:\\\/\\\/groupe-plastivaloire.com\\\/#website\",\"url\":\"https:\\\/\\\/groupe-plastivaloire.com\\\/\",\"name\":\"Groupe PLASTIVALOIRE\",\"description\":\"La r\u00e9f\u00e9rence en injection plastique\",\"publisher\":{\"@id\":\"https:\\\/\\\/groupe-plastivaloire.com\\\/#organization\"},\"potentialAction\":[{\"@type\":\"SearchAction\",\"target\":{\"@type\":\"EntryPoint\",\"urlTemplate\":\"https:\\\/\\\/groupe-plastivaloire.com\\\/?s={search_term_string}\"},\"query-input\":{\"@type\":\"PropertyValueSpecification\",\"valueRequired\":true,\"valueName\":\"search_term_string\"}}],\"inLanguage\":\"en-US\"},{\"@type\":\"Organization\",\"@id\":\"https:\\\/\\\/groupe-plastivaloire.com\\\/#organization\",\"name\":\"Groupe PLASTIVALOIRE\",\"url\":\"https:\\\/\\\/groupe-plastivaloire.com\\\/\",\"logo\":{\"@type\":\"ImageObject\",\"inLanguage\":\"en-US\",\"@id\":\"https:\\\/\\\/groupe-plastivaloire.com\\\/#\\\/schema\\\/logo\\\/image\\\/\",\"url\":\"https:\\\/\\\/groupe-plastivaloire.com\\\/wp-content\\\/uploads\\\/2022\\\/01\\\/logo-PVL-1.png\",\"contentUrl\":\"https:\\\/\\\/groupe-plastivaloire.com\\\/wp-content\\\/uploads\\\/2022\\\/01\\\/logo-PVL-1.png\",\"width\":292,\"height\":205,\"caption\":\"Groupe PLASTIVALOIRE\"},\"image\":{\"@id\":\"https:\\\/\\\/groupe-plastivaloire.com\\\/#\\\/schema\\\/logo\\\/image\\\/\"},\"sameAs\":[\"https:\\\/\\\/x.com\\\/plastivaloire\",\"https:\\\/\\\/www.linkedin.com\\\/company\\\/plastivaloire\\\/\"]}]}<\/script>\n<!-- \/ Yoast SEO plugin. -->","yoast_head_json":{"title":"Mentions l\u00e9gales et Politique de Confidentialit\u00e9 - Groupe PLASTIVALOIRE","robots":{"index":"index","follow":"follow","max-snippet":"max-snippet:-1","max-image-preview":"max-image-preview:large","max-video-preview":"max-video-preview:-1"},"canonical":"https:\/\/groupe-plastivaloire.com\/mentions-legales-et-politique-de-confidentialite\/","og_locale":"en_US","og_type":"article","og_title":"Mentions l\u00e9gales et Politique de Confidentialit\u00e9 - Groupe PLASTIVALOIRE","og_url":"https:\/\/groupe-plastivaloire.com\/mentions-legales-et-politique-de-confidentialite\/","og_site_name":"Groupe PLASTIVALOIRE","article_modified_time":"2023-11-21T14:56:49+00:00","twitter_card":"summary_large_image","twitter_site":"@plastivaloire","twitter_misc":{"Est. reading time":"5 minutes"},"schema":{"@context":"https:\/\/schema.org","@graph":[{"@type":"WebPage","@id":"https:\/\/groupe-plastivaloire.com\/mentions-legales-et-politique-de-confidentialite\/","url":"https:\/\/groupe-plastivaloire.com\/mentions-legales-et-politique-de-confidentialite\/","name":"Mentions l\u00e9gales et Politique de Confidentialit\u00e9 - Groupe PLASTIVALOIRE","isPartOf":{"@id":"https:\/\/groupe-plastivaloire.com\/#website"},"datePublished":"2020-07-28T16:22:03+00:00","dateModified":"2023-11-21T14:56:49+00:00","breadcrumb":{"@id":"https:\/\/groupe-plastivaloire.com\/mentions-legales-et-politique-de-confidentialite\/#breadcrumb"},"inLanguage":"en-US","potentialAction":[{"@type":"ReadAction","target":["https:\/\/groupe-plastivaloire.com\/mentions-legales-et-politique-de-confidentialite\/"]}]},{"@type":"BreadcrumbList","@id":"https:\/\/groupe-plastivaloire.com\/mentions-legales-et-politique-de-confidentialite\/#breadcrumb","itemListElement":[{"@type":"ListItem","position":1,"name":"Accueil","item":"https:\/\/groupe-plastivaloire.com\/en\/home\/"},{"@type":"ListItem","position":2,"name":"Mentions l\u00e9gales et Politique de Confidentialit\u00e9"}]},{"@type":"WebSite","@id":"https:\/\/groupe-plastivaloire.com\/#website","url":"https:\/\/groupe-plastivaloire.com\/","name":"Groupe PLASTIVALOIRE","description":"La r\u00e9f\u00e9rence en injection plastique","publisher":{"@id":"https:\/\/groupe-plastivaloire.com\/#organization"},"potentialAction":[{"@type":"SearchAction","target":{"@type":"EntryPoint","urlTemplate":"https:\/\/groupe-plastivaloire.com\/?s={search_term_string}"},"query-input":{"@type":"PropertyValueSpecification","valueRequired":true,"valueName":"search_term_string"}}],"inLanguage":"en-US"},{"@type":"Organization","@id":"https:\/\/groupe-plastivaloire.com\/#organization","name":"Groupe PLASTIVALOIRE","url":"https:\/\/groupe-plastivaloire.com\/","logo":{"@type":"ImageObject","inLanguage":"en-US","@id":"https:\/\/groupe-plastivaloire.com\/#\/schema\/logo\/image\/","url":"https:\/\/groupe-plastivaloire.com\/wp-content\/uploads\/2022\/01\/logo-PVL-1.png","contentUrl":"https:\/\/groupe-plastivaloire.com\/wp-content\/uploads\/2022\/01\/logo-PVL-1.png","width":292,"height":205,"caption":"Groupe PLASTIVALOIRE"},"image":{"@id":"https:\/\/groupe-plastivaloire.com\/#\/schema\/logo\/image\/"},"sameAs":["https:\/\/x.com\/plastivaloire","https:\/\/www.linkedin.com\/company\/plastivaloire\/"]}]}},"uagb_featured_image_src":{"full":false,"thumbnail":false,"medium":false,"medium_large":false,"large":false,"1536x1536":false,"2048x2048":false,"widget":false,"square":false,"featured":false,"featured_large":false,"extra_large":false,"portfolio":false,"portfolio_small":false,"gallery":false,"magazine":false,"masonry":false,"entry_with_sidebar":false,"entry_without_sidebar":false},"uagb_author_info":{"display_name":"PVL","author_link":"https:\/\/groupe-plastivaloire.com\/en\/author\/pvl\/"},"uagb_comment_info":0,"uagb_excerpt":null,"_links":{"self":[{"href":"https:\/\/groupe-plastivaloire.com\/en\/wp-json\/wp\/v2\/pages\/6115","targetHints":{"allow":["GET"]}}],"collection":[{"href":"https:\/\/groupe-plastivaloire.com\/en\/wp-json\/wp\/v2\/pages"}],"about":[{"href":"https:\/\/groupe-plastivaloire.com\/en\/wp-json\/wp\/v2\/types\/page"}],"author":[{"embeddable":true,"href":"https:\/\/groupe-plastivaloire.com\/en\/wp-json\/wp\/v2\/users\/1"}],"replies":[{"embeddable":true,"href":"https:\/\/groupe-plastivaloire.com\/en\/wp-json\/wp\/v2\/comments?post=6115"}],"version-history":[{"count":0,"href":"https:\/\/groupe-plastivaloire.com\/en\/wp-json\/wp\/v2\/pages\/6115\/revisions"}],"wp:attachment":[{"href":"https:\/\/groupe-plastivaloire.com\/en\/wp-json\/wp\/v2\/media?parent=6115"}],"curies":[{"name":"wp","href":"https:\/\/api.w.org\/{rel}","templated":true}]}}