{"id":8525,"date":"2022-02-02T17:22:23","date_gmt":"2022-02-02T16:22:23","guid":{"rendered":"https:\/\/groupe-plastivaloire.com\/?page_id=8525"},"modified":"2022-02-02T17:25:42","modified_gmt":"2022-02-02T16:25:42","slug":"test","status":"publish","type":"page","link":"https:\/\/groupe-plastivaloire.com\/en\/test\/","title":{"rendered":"TEST"},"content":{"rendered":"\n<style type=\"text\/css\" data-created_by=\"avia_inline_auto\" id=\"style-css-av-k8a9g4jc-596530c26e6c2f0823a0a6dd8885b5ed\">\n#top .av-special-heading.av-k8a9g4jc-596530c26e6c2f0823a0a6dd8885b5ed{\npadding-bottom:10px;\n}\nbody .av-special-heading.av-k8a9g4jc-596530c26e6c2f0823a0a6dd8885b5ed .av-special-heading-tag .heading-char{\nfont-size:25px;\n}\n.av-special-heading.av-k8a9g4jc-596530c26e6c2f0823a0a6dd8885b5ed .av-subheading{\nfont-size:15px;\n}\n<\/style>\n<div  class='av-special-heading av-k8a9g4jc-596530c26e6c2f0823a0a6dd8885b5ed av-special-heading-h1 blockquote modern-quote modern-centered  avia-builder-el-0  el_before_av_hr  avia-builder-el-first '><h1 class='av-special-heading-tag '  itemprop=\"headline\"  >ACC\u00c8S R\u00c9SERV\u00c9<\/h1><div class=\"special-heading-border\"><div class=\"special-heading-inner-border\"><\/div><\/div><\/div>\n\n<style type=\"text\/css\" data-created_by=\"avia_inline_auto\" id=\"style-css-av-k8a9hvq5-e600577240d3e7e55fc4ba765c742394\">\n#top .hr.hr-invisible.av-k8a9hvq5-e600577240d3e7e55fc4ba765c742394{\nheight:20px;\n}\n<\/style>\n<div  class='hr av-k8a9hvq5-e600577240d3e7e55fc4ba765c742394 hr-invisible  avia-builder-el-1  el_after_av_heading  el_before_av_textblock '><span class='hr-inner '><span class=\"hr-inner-style\"><\/span><\/span><\/div>\n\n<style type=\"text\/css\" data-created_by=\"avia_inline_auto\" id=\"style-css-av-k8a9gfal-9ebffbc5e83aa1318a10378e7c676e6e\">\n#top .av_textblock_section.av-k8a9gfal-9ebffbc5e83aa1318a10378e7c676e6e .avia_textblock{\nfont-size:14px;\n}\n<\/style>\n<section  class='av_textblock_section av-k8a9gfal-9ebffbc5e83aa1318a10378e7c676e6e '   itemscope=\"itemscope\" itemtype=\"https:\/\/schema.org\/CreativeWork\" ><div class='avia_textblock'  itemprop=\"text\" ><p style=\"text-align: center;\">Cliquez sur le lien ci-dessous pour acc\u00e9der \u00e0 notre site web<\/p>\n<\/div><\/section>\n\n<style type=\"text\/css\" data-created_by=\"avia_inline_auto\" id=\"style-css-av-k8a9f9cb-23f290aca6e3a34ee67787486fcf02a5\">\n.avia-image-container.av-k8a9f9cb-23f290aca6e3a34ee67787486fcf02a5 img.avia_image{\nbox-shadow:none;\n}\n.avia-image-container.av-k8a9f9cb-23f290aca6e3a34ee67787486fcf02a5 .av-image-caption-overlay-center{\ncolor:#ffffff;\n}\n<\/style>\n<div  class='avia-image-container av-k8a9f9cb-23f290aca6e3a34ee67787486fcf02a5 av-styling- av-img-linked avia-align-center  avia-builder-el-3  el_after_av_textblock  el_before_av_hr '   itemprop=\"image\" itemscope=\"itemscope\" itemtype=\"https:\/\/schema.org\/ImageObject\" ><div class=\"avia-image-container-inner\"><div class=\"avia-image-overlay-wrap\"><a href=\"https:\/\/groupe-plastivaloire.com\" class='avia_image '  aria-label='logo-Groupe-PLASTIVALOIRE-640x640'><img decoding=\"async\" fetchpriority=\"high\" class='wp-image-4364 avia-img-lazy-loading-not-4364 avia_image ' src=\"https:\/\/groupe-plastivaloire.com\/wp-content\/uploads\/2019\/01\/logo-Groupe-PLASTIVALOIRE-640x640-1-300x300.jpg\" alt='Groupe PLASTIVALOIRE' title='logo-Groupe-PLASTIVALOIRE-640x640'  height=\"300\" width=\"300\"  itemprop=\"thumbnailUrl\" srcset=\"https:\/\/groupe-plastivaloire.com\/wp-content\/uploads\/2019\/01\/logo-Groupe-PLASTIVALOIRE-640x640-1-300x300.jpg 300w, https:\/\/groupe-plastivaloire.com\/wp-content\/uploads\/2019\/01\/logo-Groupe-PLASTIVALOIRE-640x640-1-80x80.jpg 80w, https:\/\/groupe-plastivaloire.com\/wp-content\/uploads\/2019\/01\/logo-Groupe-PLASTIVALOIRE-640x640-1-36x36.jpg 36w, https:\/\/groupe-plastivaloire.com\/wp-content\/uploads\/2019\/01\/logo-Groupe-PLASTIVALOIRE-640x640-1-180x180.jpg 180w, https:\/\/groupe-plastivaloire.com\/wp-content\/uploads\/2019\/01\/logo-Groupe-PLASTIVALOIRE-640x640-1.jpg 640w\" sizes=\"(max-width: 300px) 100vw, 300px\" \/><\/a><\/div><\/div><\/div>\n\n<style type=\"text\/css\" data-created_by=\"avia_inline_auto\" id=\"style-css-av-k8a9hvq5-c9f18c6208c6e8502d554c209fffcd06\">\n#top .hr.hr-invisible.av-k8a9hvq5-c9f18c6208c6e8502d554c209fffcd06{\nheight:50px;\n}\n<\/style>\n<div  class='hr av-k8a9hvq5-c9f18c6208c6e8502d554c209fffcd06 hr-invisible  avia-builder-el-4  el_after_av_image  el_before_av_textblock '><span class='hr-inner '><span class=\"hr-inner-style\"><\/span><\/span><\/div>\n<section  class='av_textblock_section av-k8a9gfal-140cb6f5c5eba2ad5bd6ecef2646366f '   itemscope=\"itemscope\" itemtype=\"https:\/\/schema.org\/CreativeWork\" ><div class='avia_textblock'  itemprop=\"text\" ><h2 style=\"text-align: center;\">Groupe PLASTIVALOIRE<\/h2>\n<p style=\"text-align: center;\">Z. I. Nord<br \/>\nBP 38\u202837130<br \/>\nLangeais\u2028 FRANCE<\/p>\n<p style=\"text-align: center;\">+33 (0) 2 47 96 15 15<\/p>\n<p style=\"text-align: center;\"><a href=\"mailto:contact@plastivaloire.com\" target=\"_blank\" rel=\"noopener\">contact@plastivaloire.com<\/a><\/p>\n<\/div><\/section>\n\n<style type=\"text\/css\" data-created_by=\"avia_inline_auto\" id=\"style-css-av-80deqj-e41e7932ccb87338aa0231a0d390c31e\">\n.flex_column.av-80deqj-e41e7932ccb87338aa0231a0d390c31e{\nborder-radius:0px 0px 0px 0px;\npadding:0px 0px 0px 0px;\n}\n<\/style>\n<div  class='flex_column av-80deqj-e41e7932ccb87338aa0231a0d390c31e av_one_fourth  avia-builder-el-6  el_after_av_textblock  el_before_av_one_fourth  first flex_column_div av-zero-column-padding  column-top-margin'     ><\/div>\n\n<style type=\"text\/css\" data-created_by=\"avia_inline_auto\" id=\"style-css-av-5kgjjv-f4b1cce74e1621c36eafd0de1f0e0d6e\">\n.flex_column.av-5kgjjv-f4b1cce74e1621c36eafd0de1f0e0d6e{\nborder-radius:0px 0px 0px 0px;\npadding:0px 0px 0px 0px;\n}\n<\/style>\n<div  class='flex_column av-5kgjjv-f4b1cce74e1621c36eafd0de1f0e0d6e av_one_fourth  avia-builder-el-7  el_after_av_one_fourth  el_before_av_one_fourth  flex_column_div av-zero-column-padding  column-top-margin'     ><style type=\"text\/css\" data-created_by=\"avia_inline_auto\" id=\"style-css-av-k8a9m9y2-d7c7c2cad3a045c7e8a89b48352c2dea\">\n.av_font_icon.av-k8a9m9y2-d7c7c2cad3a045c7e8a89b48352c2dea .av-icon-char{\nfont-size:40px;\nline-height:40px;\n}\n<\/style>\n<span  class='av_font_icon av-k8a9m9y2-d7c7c2cad3a045c7e8a89b48352c2dea avia_animate_when_visible av-icon-style- avia-icon-pos-center avia-iconfont avia-font-entypo-fontello av-no-color avia-icon-animate'><a href='https:\/\/www.linkedin.com\/company\/plastivaloire\/'  target=\"_blank\"  rel=\"noopener noreferrer\"  class='av-icon-char' data-av_icon='\ue8fc' data-av_iconfont='entypo-fontello' aria-hidden=\"false\" ><\/a><\/span><\/div>\n\n<style type=\"text\/css\" data-created_by=\"avia_inline_auto\" id=\"style-css-av-3mp6ln-b44022997852624474d0b904782541db\">\n.flex_column.av-3mp6ln-b44022997852624474d0b904782541db{\nborder-radius:0px 0px 0px 0px;\npadding:0px 0px 0px 0px;\n}\n<\/style>\n<div  class='flex_column av-3mp6ln-b44022997852624474d0b904782541db av_one_fourth  avia-builder-el-9  el_after_av_one_fourth  el_before_av_one_fourth  flex_column_div av-zero-column-padding  column-top-margin'     ><style type=\"text\/css\" data-created_by=\"avia_inline_auto\" id=\"style-css-av-k8a9m9y2-eb02c44514b910b8d35d126c80a6e748\">\n.av_font_icon.av-k8a9m9y2-eb02c44514b910b8d35d126c80a6e748 .av-icon-char{\nfont-size:40px;\nline-height:40px;\n}\n<\/style>\n<span  class='av_font_icon av-k8a9m9y2-eb02c44514b910b8d35d126c80a6e748 avia_animate_when_visible av-icon-style- avia-icon-pos-center avia-iconfont avia-font-entypo-fontello av-no-color avia-icon-animate'><a href='https:\/\/twitter.com\/plastivaloire'  target=\"_blank\"  rel=\"noopener noreferrer\"  class='av-icon-char' data-av_icon='\ue8f1' data-av_iconfont='entypo-fontello' aria-hidden=\"false\" ><\/a><\/span><\/div>\n\n<style type=\"text\/css\" data-created_by=\"avia_inline_auto\" id=\"style-css-av-oyy3-f2607d604867537d7f803d00012cf694\">\n.flex_column.av-oyy3-f2607d604867537d7f803d00012cf694{\nborder-radius:0px 0px 0px 0px;\npadding:0px 0px 0px 0px;\n}\n<\/style>\n<div  class='flex_column av-oyy3-f2607d604867537d7f803d00012cf694 av_one_fourth  avia-builder-el-11  el_after_av_one_fourth  avia-builder-el-last  flex_column_div av-zero-column-padding  column-top-margin'     ><\/div>\n","protected":false},"excerpt":{"rendered":"<p>Mode maintenance<\/p>\n","protected":false},"author":1,"featured_media":0,"parent":0,"menu_order":95,"comment_status":"closed","ping_status":"closed","template":"template-blank.php","meta":{"_uag_custom_page_level_css":"","footnotes":""},"class_list":["post-8525","page","type-page","status-publish","hentry"],"yoast_head":"<!-- This site is optimized with the Yoast SEO plugin v27.5 - https:\/\/yoast.com\/product\/yoast-seo-wordpress\/ -->\n<title>TEST - Groupe PLASTIVALOIRE<\/title>\n<meta name=\"robots\" content=\"index, follow, max-snippet:-1, max-image-preview:large, max-video-preview:-1\" \/>\n<link rel=\"canonical\" href=\"https:\/\/groupe-plastivaloire.com\/test\/\" \/>\n<meta property=\"og:locale\" content=\"en_US\" \/>\n<meta property=\"og:type\" content=\"article\" \/>\n<meta property=\"og:title\" content=\"TEST - Groupe PLASTIVALOIRE\" \/>\n<meta property=\"og:description\" content=\"Mode maintenance\" \/>\n<meta property=\"og:url\" content=\"https:\/\/groupe-plastivaloire.com\/test\/\" \/>\n<meta property=\"og:site_name\" content=\"Groupe PLASTIVALOIRE\" \/>\n<meta property=\"article:modified_time\" content=\"2022-02-02T16:25:42+00:00\" \/>\n<meta name=\"twitter:card\" content=\"summary_large_image\" \/>\n<meta name=\"twitter:site\" content=\"@plastivaloire\" \/>\n<meta name=\"twitter:label1\" content=\"Est. reading time\" \/>\n\t<meta name=\"twitter:data1\" content=\"2 minutes\" \/>\n<script type=\"application\/ld+json\" class=\"yoast-schema-graph\">{\"@context\":\"https:\\\/\\\/schema.org\",\"@graph\":[{\"@type\":\"WebPage\",\"@id\":\"https:\\\/\\\/groupe-plastivaloire.com\\\/test\\\/\",\"url\":\"https:\\\/\\\/groupe-plastivaloire.com\\\/test\\\/\",\"name\":\"TEST - Groupe PLASTIVALOIRE\",\"isPartOf\":{\"@id\":\"https:\\\/\\\/groupe-plastivaloire.com\\\/#website\"},\"datePublished\":\"2022-02-02T16:22:23+00:00\",\"dateModified\":\"2022-02-02T16:25:42+00:00\",\"breadcrumb\":{\"@id\":\"https:\\\/\\\/groupe-plastivaloire.com\\\/test\\\/#breadcrumb\"},\"inLanguage\":\"en-US\",\"potentialAction\":[{\"@type\":\"ReadAction\",\"target\":[\"https:\\\/\\\/groupe-plastivaloire.com\\\/test\\\/\"]}]},{\"@type\":\"BreadcrumbList\",\"@id\":\"https:\\\/\\\/groupe-plastivaloire.com\\\/test\\\/#breadcrumb\",\"itemListElement\":[{\"@type\":\"ListItem\",\"position\":1,\"name\":\"Accueil\",\"item\":\"https:\\\/\\\/groupe-plastivaloire.com\\\/en\\\/home\\\/\"},{\"@type\":\"ListItem\",\"position\":2,\"name\":\"TEST\"}]},{\"@type\":\"WebSite\",\"@id\":\"https:\\\/\\\/groupe-plastivaloire.com\\\/#website\",\"url\":\"https:\\\/\\\/groupe-plastivaloire.com\\\/\",\"name\":\"Groupe PLASTIVALOIRE\",\"description\":\"La r\u00e9f\u00e9rence en injection plastique\",\"publisher\":{\"@id\":\"https:\\\/\\\/groupe-plastivaloire.com\\\/#organization\"},\"potentialAction\":[{\"@type\":\"SearchAction\",\"target\":{\"@type\":\"EntryPoint\",\"urlTemplate\":\"https:\\\/\\\/groupe-plastivaloire.com\\\/?s={search_term_string}\"},\"query-input\":{\"@type\":\"PropertyValueSpecification\",\"valueRequired\":true,\"valueName\":\"search_term_string\"}}],\"inLanguage\":\"en-US\"},{\"@type\":\"Organization\",\"@id\":\"https:\\\/\\\/groupe-plastivaloire.com\\\/#organization\",\"name\":\"Groupe PLASTIVALOIRE\",\"url\":\"https:\\\/\\\/groupe-plastivaloire.com\\\/\",\"logo\":{\"@type\":\"ImageObject\",\"inLanguage\":\"en-US\",\"@id\":\"https:\\\/\\\/groupe-plastivaloire.com\\\/#\\\/schema\\\/logo\\\/image\\\/\",\"url\":\"https:\\\/\\\/groupe-plastivaloire.com\\\/wp-content\\\/uploads\\\/2022\\\/01\\\/logo-PVL-1.png\",\"contentUrl\":\"https:\\\/\\\/groupe-plastivaloire.com\\\/wp-content\\\/uploads\\\/2022\\\/01\\\/logo-PVL-1.png\",\"width\":292,\"height\":205,\"caption\":\"Groupe PLASTIVALOIRE\"},\"image\":{\"@id\":\"https:\\\/\\\/groupe-plastivaloire.com\\\/#\\\/schema\\\/logo\\\/image\\\/\"},\"sameAs\":[\"https:\\\/\\\/x.com\\\/plastivaloire\",\"https:\\\/\\\/www.linkedin.com\\\/company\\\/plastivaloire\\\/\"]}]}<\/script>\n<!-- \/ Yoast SEO plugin. -->","yoast_head_json":{"title":"TEST - Groupe PLASTIVALOIRE","robots":{"index":"index","follow":"follow","max-snippet":"max-snippet:-1","max-image-preview":"max-image-preview:large","max-video-preview":"max-video-preview:-1"},"canonical":"https:\/\/groupe-plastivaloire.com\/test\/","og_locale":"en_US","og_type":"article","og_title":"TEST - Groupe PLASTIVALOIRE","og_description":"Mode maintenance","og_url":"https:\/\/groupe-plastivaloire.com\/test\/","og_site_name":"Groupe PLASTIVALOIRE","article_modified_time":"2022-02-02T16:25:42+00:00","twitter_card":"summary_large_image","twitter_site":"@plastivaloire","twitter_misc":{"Est. reading time":"2 minutes"},"schema":{"@context":"https:\/\/schema.org","@graph":[{"@type":"WebPage","@id":"https:\/\/groupe-plastivaloire.com\/test\/","url":"https:\/\/groupe-plastivaloire.com\/test\/","name":"TEST - Groupe PLASTIVALOIRE","isPartOf":{"@id":"https:\/\/groupe-plastivaloire.com\/#website"},"datePublished":"2022-02-02T16:22:23+00:00","dateModified":"2022-02-02T16:25:42+00:00","breadcrumb":{"@id":"https:\/\/groupe-plastivaloire.com\/test\/#breadcrumb"},"inLanguage":"en-US","potentialAction":[{"@type":"ReadAction","target":["https:\/\/groupe-plastivaloire.com\/test\/"]}]},{"@type":"BreadcrumbList","@id":"https:\/\/groupe-plastivaloire.com\/test\/#breadcrumb","itemListElement":[{"@type":"ListItem","position":1,"name":"Accueil","item":"https:\/\/groupe-plastivaloire.com\/en\/home\/"},{"@type":"ListItem","position":2,"name":"TEST"}]},{"@type":"WebSite","@id":"https:\/\/groupe-plastivaloire.com\/#website","url":"https:\/\/groupe-plastivaloire.com\/","name":"Groupe PLASTIVALOIRE","description":"La r\u00e9f\u00e9rence en injection plastique","publisher":{"@id":"https:\/\/groupe-plastivaloire.com\/#organization"},"potentialAction":[{"@type":"SearchAction","target":{"@type":"EntryPoint","urlTemplate":"https:\/\/groupe-plastivaloire.com\/?s={search_term_string}"},"query-input":{"@type":"PropertyValueSpecification","valueRequired":true,"valueName":"search_term_string"}}],"inLanguage":"en-US"},{"@type":"Organization","@id":"https:\/\/groupe-plastivaloire.com\/#organization","name":"Groupe PLASTIVALOIRE","url":"https:\/\/groupe-plastivaloire.com\/","logo":{"@type":"ImageObject","inLanguage":"en-US","@id":"https:\/\/groupe-plastivaloire.com\/#\/schema\/logo\/image\/","url":"https:\/\/groupe-plastivaloire.com\/wp-content\/uploads\/2022\/01\/logo-PVL-1.png","contentUrl":"https:\/\/groupe-plastivaloire.com\/wp-content\/uploads\/2022\/01\/logo-PVL-1.png","width":292,"height":205,"caption":"Groupe PLASTIVALOIRE"},"image":{"@id":"https:\/\/groupe-plastivaloire.com\/#\/schema\/logo\/image\/"},"sameAs":["https:\/\/x.com\/plastivaloire","https:\/\/www.linkedin.com\/company\/plastivaloire\/"]}]}},"uagb_featured_image_src":{"full":false,"thumbnail":false,"medium":false,"medium_large":false,"large":false,"1536x1536":false,"2048x2048":false,"widget":false,"square":false,"featured":false,"featured_large":false,"extra_large":false,"portfolio":false,"portfolio_small":false,"gallery":false,"magazine":false,"masonry":false,"entry_with_sidebar":false,"entry_without_sidebar":false},"uagb_author_info":{"display_name":"PVL","author_link":"https:\/\/groupe-plastivaloire.com\/en\/author\/pvl\/"},"uagb_comment_info":0,"uagb_excerpt":"Mode maintenance","_links":{"self":[{"href":"https:\/\/groupe-plastivaloire.com\/en\/wp-json\/wp\/v2\/pages\/8525","targetHints":{"allow":["GET"]}}],"collection":[{"href":"https:\/\/groupe-plastivaloire.com\/en\/wp-json\/wp\/v2\/pages"}],"about":[{"href":"https:\/\/groupe-plastivaloire.com\/en\/wp-json\/wp\/v2\/types\/page"}],"author":[{"embeddable":true,"href":"https:\/\/groupe-plastivaloire.com\/en\/wp-json\/wp\/v2\/users\/1"}],"replies":[{"embeddable":true,"href":"https:\/\/groupe-plastivaloire.com\/en\/wp-json\/wp\/v2\/comments?post=8525"}],"version-history":[{"count":0,"href":"https:\/\/groupe-plastivaloire.com\/en\/wp-json\/wp\/v2\/pages\/8525\/revisions"}],"wp:attachment":[{"href":"https:\/\/groupe-plastivaloire.com\/en\/wp-json\/wp\/v2\/media?parent=8525"}],"curies":[{"name":"wp","href":"https:\/\/api.w.org\/{rel}","templated":true}]}}